{"id":190,"date":"2024-02-17T20:09:54","date_gmt":"2024-02-17T19:09:54","guid":{"rendered":"https:\/\/www.oposytif-formations.fr\/?page_id=190"},"modified":"2024-09-29T14:52:38","modified_gmt":"2024-09-29T12:52:38","slug":"qui-sommes-nous","status":"publish","type":"page","link":"https:\/\/www.oposytif-formations.fr\/index.php\/qui-sommes-nous\/","title":{"rendered":"Qui sommes-nous ?"},"content":{"rendered":"\n<div class=\"wp-block-columns are-vertically-aligned-center is-layout-flex wp-container-core-columns-is-layout-9d6595d7 wp-block-columns-is-layout-flex\">\n<div class=\"wp-block-column is-vertically-aligned-center is-layout-flow wp-block-column-is-layout-flow\" style=\"flex-basis:100%\">\n<ul class=\"wp-block-list\">\n<li><a href=\"https:\/\/www.oposytif-formations.fr\/index.php\/nathalie\/\"><strong>Nathalie BOURDIN<\/strong><\/a><\/li>\n\n\n\n<li><a href=\"https:\/\/www.oposytif-formations.fr\/index.php\/thierry-roty\/\"><strong>Thierry ROTY<\/strong><\/a><\/li>\n\n\n\n<li><a href=\"https:\/\/www.oposytif-formations.fr\/index.php\/frisbee\/\"><strong>Frisbee<\/strong><\/a><\/li>\n\n\n\n<li><a href=\"https:\/\/www.oposytif-formations.fr\/index.php\/voyou\/\"><strong>Voyou<\/strong><\/a><\/li>\n<\/ul>\n<\/div>\n<\/div>\n\n\n\n<div class=\"wp-block-group is-vertical is-content-justification-center is-layout-flex wp-container-core-group-is-layout-4b2eccd6 wp-block-group-is-layout-flex\">\n<p><strong>Besoin de retrouver de la s\u00e9r\u00e9nit\u00e9 et du plaisir au travail ?<\/strong><\/p>\n\n\n\n<p>Nous pouvons vous aider ! En r\u00e9alisant un audit et\/ou en adaptant nos contenus \u00e0 vos besoins. Alors, \u00eates-vous pr\u00eat \u00e0 faire bouger les lignes ?<\/p>\n\n\n\n<p><strong>Nous vivons et nous ressour\u00e7ons en Vend\u00e9e\u2026<\/strong><\/p>\n\n\n\n<p>Et pouvons aussi intervenir sur la r\u00e9gion parisienne, les Hauts de France, Toulouse, Annecy, Lyon, Aix-en-Provence. Les interventions dans les autres r\u00e9gions peuvent \u00e9galement s&rsquo;organiser \u00e0 partir de 2 jours d&rsquo;intervention.<\/p>\n\n\n\n<p><\/p>\n<\/div>\n\n\n\n<figure class=\"wp-block-gallery has-nested-images columns-4 is-cropped wp-block-gallery-1 is-layout-flex wp-block-gallery-is-layout-flex\">\n<figure class=\"wp-block-image size-large\"><a href=\"https:\/\/www.oposytif-formations.fr\/index.php\/nathalie\/\"><img loading=\"lazy\" decoding=\"async\" width=\"616\" height=\"1024\" data-id=\"50\" src=\"https:\/\/www.oposytif-formations.fr\/wp-content\/uploads\/2024\/02\/IMG_20240116_110832-1-616x1024.jpg\" alt=\"\" class=\"wp-image-50\" srcset=\"https:\/\/www.oposytif-formations.fr\/wp-content\/uploads\/2024\/02\/IMG_20240116_110832-1-616x1024.jpg 616w, https:\/\/www.oposytif-formations.fr\/wp-content\/uploads\/2024\/02\/IMG_20240116_110832-1-181x300.jpg 181w, https:\/\/www.oposytif-formations.fr\/wp-content\/uploads\/2024\/02\/IMG_20240116_110832-1-768x1276.jpg 768w, https:\/\/www.oposytif-formations.fr\/wp-content\/uploads\/2024\/02\/IMG_20240116_110832-1-924x1536.jpg 924w, https:\/\/www.oposytif-formations.fr\/wp-content\/uploads\/2024\/02\/IMG_20240116_110832-1.jpg 934w\" sizes=\"auto, (max-width: 616px) 100vw, 616px\" \/><\/a><figcaption class=\"wp-element-caption\">Nathalie BOURDIN<\/figcaption><\/figure>\n\n\n\n<figure class=\"wp-block-image size-large\"><a href=\"https:\/\/www.oposytif-formations.fr\/index.php\/thierry-roty\/\"><img loading=\"lazy\" decoding=\"async\" width=\"444\" height=\"602\" data-id=\"49\" src=\"https:\/\/www.oposytif-formations.fr\/wp-content\/uploads\/2024\/02\/IMG_20240126_161133-2.jpg\" alt=\"\" class=\"wp-image-49\" srcset=\"https:\/\/www.oposytif-formations.fr\/wp-content\/uploads\/2024\/02\/IMG_20240126_161133-2.jpg 444w, https:\/\/www.oposytif-formations.fr\/wp-content\/uploads\/2024\/02\/IMG_20240126_161133-2-221x300.jpg 221w\" sizes=\"auto, (max-width: 444px) 100vw, 444px\" \/><\/a><figcaption class=\"wp-element-caption\">Thierry ROTY<\/figcaption><\/figure>\n\n\n\n<figure class=\"wp-block-image size-large\"><a href=\"https:\/\/www.oposytif-formations.fr\/index.php\/frisbee\/\"><img loading=\"lazy\" decoding=\"async\" width=\"772\" height=\"1024\" data-id=\"48\" src=\"https:\/\/www.oposytif-formations.fr\/wp-content\/uploads\/2024\/02\/facebook_1707837189883_7163188356877025775-1-772x1024.jpg\" alt=\"\" class=\"wp-image-48\" srcset=\"https:\/\/www.oposytif-formations.fr\/wp-content\/uploads\/2024\/02\/facebook_1707837189883_7163188356877025775-1-772x1024.jpg 772w, https:\/\/www.oposytif-formations.fr\/wp-content\/uploads\/2024\/02\/facebook_1707837189883_7163188356877025775-1-226x300.jpg 226w, https:\/\/www.oposytif-formations.fr\/wp-content\/uploads\/2024\/02\/facebook_1707837189883_7163188356877025775-1-768x1018.jpg 768w, https:\/\/www.oposytif-formations.fr\/wp-content\/uploads\/2024\/02\/facebook_1707837189883_7163188356877025775-1.jpg 982w\" sizes=\"auto, (max-width: 772px) 100vw, 772px\" \/><\/a><figcaption class=\"wp-element-caption\">Frisbee<\/figcaption><\/figure>\n\n\n\n<figure class=\"wp-block-image size-large\"><a href=\"https:\/\/www.oposytif-formations.fr\/index.php\/voyou\/\"><img loading=\"lazy\" decoding=\"async\" width=\"636\" height=\"1024\" data-id=\"546\" src=\"https:\/\/www.oposytif-formations.fr\/wp-content\/uploads\/2024\/09\/IMG_20240901_143903-3-636x1024.jpg\" alt=\"\" class=\"wp-image-546\" srcset=\"https:\/\/www.oposytif-formations.fr\/wp-content\/uploads\/2024\/09\/IMG_20240901_143903-3-636x1024.jpg 636w, https:\/\/www.oposytif-formations.fr\/wp-content\/uploads\/2024\/09\/IMG_20240901_143903-3-186x300.jpg 186w, https:\/\/www.oposytif-formations.fr\/wp-content\/uploads\/2024\/09\/IMG_20240901_143903-3-768x1237.jpg 768w, https:\/\/www.oposytif-formations.fr\/wp-content\/uploads\/2024\/09\/IMG_20240901_143903-3-953x1536.jpg 953w, https:\/\/www.oposytif-formations.fr\/wp-content\/uploads\/2024\/09\/IMG_20240901_143903-3-1271x2048.jpg 1271w, https:\/\/www.oposytif-formations.fr\/wp-content\/uploads\/2024\/09\/IMG_20240901_143903-3-1140x1836.jpg 1140w, https:\/\/www.oposytif-formations.fr\/wp-content\/uploads\/2024\/09\/IMG_20240901_143903-3-scaled.jpg 1589w\" sizes=\"auto, (max-width: 636px) 100vw, 636px\" \/><\/a><figcaption class=\"wp-element-caption\">Voyou<\/figcaption><\/figure>\n<\/figure>\n","protected":false},"excerpt":{"rendered":"<p>Besoin de retrouver de la s\u00e9r\u00e9nit\u00e9 et du plaisir au travail ? Nous pouvons vous aider ! En r\u00e9alisant un audit et\/ou en adaptant nos contenus \u00e0 vos besoins. Alors, \u00eates-vous pr\u00eat \u00e0 faire bouger les lignes ? Nous vivons et nous ressour\u00e7ons en Vend\u00e9e\u2026 Et pouvons aussi intervenir sur la r\u00e9gion parisienne, les Hauts de France, Toulouse, Annecy, Lyon, Aix-en-Provence. Les interventions dans les autres r\u00e9gions peuvent \u00e9galement s&rsquo;organiser \u00e0 partir de 2 jours d&rsquo;intervention.<\/p>\n","protected":false},"author":1,"featured_media":0,"parent":0,"menu_order":0,"comment_status":"closed","ping_status":"closed","template":"","meta":{"footnotes":""},"class_list":["post-190","page","type-page","status-publish","hentry"],"_links":{"self":[{"href":"https:\/\/www.oposytif-formations.fr\/index.php\/wp-json\/wp\/v2\/pages\/190","targetHints":{"allow":["GET"]}}],"collection":[{"href":"https:\/\/www.oposytif-formations.fr\/index.php\/wp-json\/wp\/v2\/pages"}],"about":[{"href":"https:\/\/www.oposytif-formations.fr\/index.php\/wp-json\/wp\/v2\/types\/page"}],"author":[{"embeddable":true,"href":"https:\/\/www.oposytif-formations.fr\/index.php\/wp-json\/wp\/v2\/users\/1"}],"replies":[{"embeddable":true,"href":"https:\/\/www.oposytif-formations.fr\/index.php\/wp-json\/wp\/v2\/comments?post=190"}],"version-history":[{"count":37,"href":"https:\/\/www.oposytif-formations.fr\/index.php\/wp-json\/wp\/v2\/pages\/190\/revisions"}],"predecessor-version":[{"id":616,"href":"https:\/\/www.oposytif-formations.fr\/index.php\/wp-json\/wp\/v2\/pages\/190\/revisions\/616"}],"wp:attachment":[{"href":"https:\/\/www.oposytif-formations.fr\/index.php\/wp-json\/wp\/v2\/media?parent=190"}],"curies":[{"name":"wp","href":"https:\/\/api.w.org\/{rel}","templated":true}]}}