{"id":209,"date":"2024-02-17T20:26:20","date_gmt":"2024-02-17T19:26:20","guid":{"rendered":"https:\/\/www.oposytif-formations.fr\/?page_id=209"},"modified":"2024-09-22T16:37:05","modified_gmt":"2024-09-22T14:37:05","slug":"nathalie","status":"publish","type":"page","link":"https:\/\/www.oposytif-formations.fr\/index.php\/nathalie\/","title":{"rendered":"Nathalie BOURDIN"},"content":{"rendered":"\n<p><strong>Exp\u00e9rience<\/strong><\/p>\n\n\n\n<ul class=\"wp-block-list\">\n<li>Formatrice au sein de l\u2019Education Nationale et en entreprise<\/li>\n\n\n\n<li>Personnel de Direction en \u00e9tablissement scolaire<\/li>\n\n\n\n<li>G\u00e9rante d\u2019un centre de bien-\u00eatre<\/li>\n\n\n\n<li>Encadrante de s\u00e9ances collectives pour apprendre \u00e0 g\u00e9rer ses \u00e9motions<\/li>\n\n\n\n<li>CPE (Conseill\u00e8re Principale d\u2019Education)<\/li>\n<\/ul>\n\n\n\n<p><strong>Leitmotiv<\/strong><\/p>\n\n\n\n<p>\u00ab&nbsp;Chaque jour est une chance&nbsp;\u00bb.<\/p>\n\n\n\n<p>Dans le pilotage d\u2019\u00e9tablissements et au sein des formations, je suis anim\u00e9e par l\u2019expression du plein potentiel de chacun. Joie et bienveillance sont mes moteurs quotidiens.<\/p>\n\n\n\n<figure class=\"wp-block-image size-full\"><img loading=\"lazy\" decoding=\"async\" width=\"412\" height=\"429\" src=\"https:\/\/www.oposytif-formations.fr\/wp-content\/uploads\/2024\/02\/Photo-Nathalie-BOURDIN.jpg\" alt=\"\" class=\"wp-image-33\" srcset=\"https:\/\/www.oposytif-formations.fr\/wp-content\/uploads\/2024\/02\/Photo-Nathalie-BOURDIN.jpg 412w, https:\/\/www.oposytif-formations.fr\/wp-content\/uploads\/2024\/02\/Photo-Nathalie-BOURDIN-288x300.jpg 288w\" sizes=\"auto, (max-width: 412px) 100vw, 412px\" \/><\/figure>\n\n\n\n<script src=\"https:\/\/platform.linkedin.com\/badges\/js\/profile.js\" async defer type=\"text\/javascript\"><\/script><div class=\"badge-base LI-profile-badge\" data-locale=\"fr_FR\" data-size=\"medium\" data-theme=\"dark\" data-type=\"VERTICAL\" data-vanity=\"nathalie-bourdin-80984528a\" data-version=\"v1\"><a class=\"badge-base__link LI-simple-link\" href=\"https:\/\/fr.linkedin.com\/in\/nathalie-bourdin-80984528a?trk=profile-badge\">Nathalie BOURDIN<\/a><\/div>\n              \n","protected":false},"excerpt":{"rendered":"<p>Exp\u00e9rience Leitmotiv \u00ab&nbsp;Chaque jour est une chance&nbsp;\u00bb. Dans le pilotage d\u2019\u00e9tablissements et au sein des formations, je suis anim\u00e9e par l\u2019expression du plein potentiel de chacun. Joie et bienveillance sont mes moteurs quotidiens. Nathalie BOURDIN<\/p>\n","protected":false},"author":1,"featured_media":0,"parent":0,"menu_order":0,"comment_status":"closed","ping_status":"closed","template":"","meta":{"footnotes":""},"class_list":["post-209","page","type-page","status-publish","hentry"],"_links":{"self":[{"href":"https:\/\/www.oposytif-formations.fr\/index.php\/wp-json\/wp\/v2\/pages\/209","targetHints":{"allow":["GET"]}}],"collection":[{"href":"https:\/\/www.oposytif-formations.fr\/index.php\/wp-json\/wp\/v2\/pages"}],"about":[{"href":"https:\/\/www.oposytif-formations.fr\/index.php\/wp-json\/wp\/v2\/types\/page"}],"author":[{"embeddable":true,"href":"https:\/\/www.oposytif-formations.fr\/index.php\/wp-json\/wp\/v2\/users\/1"}],"replies":[{"embeddable":true,"href":"https:\/\/www.oposytif-formations.fr\/index.php\/wp-json\/wp\/v2\/comments?post=209"}],"version-history":[{"count":12,"href":"https:\/\/www.oposytif-formations.fr\/index.php\/wp-json\/wp\/v2\/pages\/209\/revisions"}],"predecessor-version":[{"id":558,"href":"https:\/\/www.oposytif-formations.fr\/index.php\/wp-json\/wp\/v2\/pages\/209\/revisions\/558"}],"wp:attachment":[{"href":"https:\/\/www.oposytif-formations.fr\/index.php\/wp-json\/wp\/v2\/media?parent=209"}],"curies":[{"name":"wp","href":"https:\/\/api.w.org\/{rel}","templated":true}]}}