{"id":296,"date":"2024-02-18T14:21:08","date_gmt":"2024-02-18T13:21:08","guid":{"rendered":"https:\/\/www.oposytif-formations.fr\/?page_id=296"},"modified":"2024-04-13T14:41:50","modified_gmt":"2024-04-13T12:41:50","slug":"thierry-roty","status":"publish","type":"page","link":"https:\/\/www.oposytif-formations.fr\/index.php\/thierry-roty\/","title":{"rendered":"Thierry ROTY"},"content":{"rendered":"\n<p><strong>Exp\u00e9rience<\/strong><\/p>\n\n\n\n<ul class=\"wp-block-list\">\n<li>Formateur dans l\u2019Education Nationale et en entreprise<\/li>\n\n\n\n<li>Directeur des enseignements adapt\u00e9s en coll\u00e8ge<\/li>\n\n\n\n<li>Concepteur et animateur de classes lecture-\u00e9criture<\/li>\n\n\n\n<li>Professeur des \u00e9coles sp\u00e9cialis\u00e9<\/li>\n<\/ul>\n\n\n\n<p><strong>Leitmotiv<\/strong><\/p>\n\n\n\n<p>\u00ab&nbsp;Si cela vous rend heureux, alors ce n\u2019est pas une perte de temps.&nbsp;\u00bb<\/p>\n\n\n\n<p>Apr\u00e8s un parcours dans l\u2019enseignement sp\u00e9cialis\u00e9 o\u00f9 j\u2019ai appris \u00e0 rep\u00e9rer les potentiels, \u00e0 \u00eatre attentif aux besoins et \u00e0 d\u00e9velopper les comp\u00e9tences des individus, j\u2019utilise aujourd\u2019hui cette exp\u00e9rience pour apporter un angle d\u2019approche et un regard diff\u00e9rents dans nos formations.<\/p>\n\n\n\n<figure class=\"wp-block-image size-full\"><img loading=\"lazy\" decoding=\"async\" width=\"820\" height=\"788\" src=\"https:\/\/www.oposytif-formations.fr\/wp-content\/uploads\/2024\/02\/Thierry-2.png\" alt=\"\" class=\"wp-image-412\" srcset=\"https:\/\/www.oposytif-formations.fr\/wp-content\/uploads\/2024\/02\/Thierry-2.png 820w, https:\/\/www.oposytif-formations.fr\/wp-content\/uploads\/2024\/02\/Thierry-2-300x288.png 300w, https:\/\/www.oposytif-formations.fr\/wp-content\/uploads\/2024\/02\/Thierry-2-768x738.png 768w\" sizes=\"auto, (max-width: 820px) 100vw, 820px\" \/><\/figure>\n\n\n\n<figure class=\"wp-block-image size-large is-resized\"><a href=\"https:\/\/www.linkedin.com\/search\/results\/all\/?fetchDeterministicClustersOnly=true&amp;heroEntityKey=urn%3Ali%3Afsd_profile%3AACoAAEYU5FcBJHUIz5h1QP4P1Kjl0OgBoi1PL70&amp;keywords=thierry%20roty&amp;origin=RICH_QUERY_TYPEAHEAD_HISTORY&amp;position=0&amp;searchId=1f6bff79-4e8f-4d49-999d-cdf31cb1ce3e&amp;sid=B%3B_&amp;spellCorrectionEnabled=true\"><img loading=\"lazy\" decoding=\"async\" width=\"1024\" height=\"640\" src=\"https:\/\/www.oposytif-formations.fr\/wp-content\/uploads\/2024\/04\/Logo-Linkedin-1-1024x640.png\" alt=\"\" class=\"wp-image-528\" style=\"width:136px;height:auto\" srcset=\"https:\/\/www.oposytif-formations.fr\/wp-content\/uploads\/2024\/04\/Logo-Linkedin-1-1024x640.png 1024w, https:\/\/www.oposytif-formations.fr\/wp-content\/uploads\/2024\/04\/Logo-Linkedin-1-300x188.png 300w, https:\/\/www.oposytif-formations.fr\/wp-content\/uploads\/2024\/04\/Logo-Linkedin-1-768x480.png 768w, https:\/\/www.oposytif-formations.fr\/wp-content\/uploads\/2024\/04\/Logo-Linkedin-1-1536x960.png 1536w, https:\/\/www.oposytif-formations.fr\/wp-content\/uploads\/2024\/04\/Logo-Linkedin-1-2048x1280.png 2048w, https:\/\/www.oposytif-formations.fr\/wp-content\/uploads\/2024\/04\/Logo-Linkedin-1-1140x713.png 1140w\" sizes=\"auto, (max-width: 1024px) 100vw, 1024px\" \/><\/a><\/figure>\n","protected":false},"excerpt":{"rendered":"<p>Exp\u00e9rience Leitmotiv \u00ab&nbsp;Si cela vous rend heureux, alors ce n\u2019est pas une perte de temps.&nbsp;\u00bb Apr\u00e8s un parcours dans l\u2019enseignement sp\u00e9cialis\u00e9 o\u00f9 j\u2019ai appris \u00e0 rep\u00e9rer les potentiels, \u00e0 \u00eatre attentif aux besoins et \u00e0 d\u00e9velopper les comp\u00e9tences des individus, j\u2019utilise aujourd\u2019hui cette exp\u00e9rience pour apporter un angle d\u2019approche et un regard diff\u00e9rents dans nos formations.<\/p>\n","protected":false},"author":1,"featured_media":0,"parent":0,"menu_order":0,"comment_status":"closed","ping_status":"closed","template":"","meta":{"footnotes":""},"class_list":["post-296","page","type-page","status-publish","hentry"],"_links":{"self":[{"href":"https:\/\/www.oposytif-formations.fr\/index.php\/wp-json\/wp\/v2\/pages\/296","targetHints":{"allow":["GET"]}}],"collection":[{"href":"https:\/\/www.oposytif-formations.fr\/index.php\/wp-json\/wp\/v2\/pages"}],"about":[{"href":"https:\/\/www.oposytif-formations.fr\/index.php\/wp-json\/wp\/v2\/types\/page"}],"author":[{"embeddable":true,"href":"https:\/\/www.oposytif-formations.fr\/index.php\/wp-json\/wp\/v2\/users\/1"}],"replies":[{"embeddable":true,"href":"https:\/\/www.oposytif-formations.fr\/index.php\/wp-json\/wp\/v2\/comments?post=296"}],"version-history":[{"count":6,"href":"https:\/\/www.oposytif-formations.fr\/index.php\/wp-json\/wp\/v2\/pages\/296\/revisions"}],"predecessor-version":[{"id":529,"href":"https:\/\/www.oposytif-formations.fr\/index.php\/wp-json\/wp\/v2\/pages\/296\/revisions\/529"}],"wp:attachment":[{"href":"https:\/\/www.oposytif-formations.fr\/index.php\/wp-json\/wp\/v2\/media?parent=296"}],"curies":[{"name":"wp","href":"https:\/\/api.w.org\/{rel}","templated":true}]}}