{"id":307,"date":"2024-02-18T14:31:57","date_gmt":"2024-02-18T13:31:57","guid":{"rendered":"https:\/\/www.oposytif-formations.fr\/?page_id=307"},"modified":"2025-01-26T18:15:28","modified_gmt":"2025-01-26T17:15:28","slug":"formations-pour-les-entreprises-et-administrations","status":"publish","type":"page","link":"https:\/\/www.oposytif-formations.fr\/index.php\/formations-pour-les-entreprises-et-administrations\/","title":{"rendered":"Formations pour les entreprises et les administrations"},"content":{"rendered":"\n<p><strong>Optimisez&nbsp;les potentiels !<\/strong><\/p>\n\n\n\n<p>Prestations de qualit\u00e9 :<\/p>\n\n\n\n<ul class=\"wp-block-list\">\n<li>Adaptation aux besoins de votre structure et \u00e0 vos attentes<\/li>\n\n\n\n<li>D\u00e9finition d\u2019objectifs \u00e0 atteindre<\/li>\n\n\n\n<li>Projection sur les r\u00e9sultats et b\u00e9n\u00e9fices&nbsp;attendus<\/li>\n\n\n\n<li>Evaluation de la formation<\/li>\n<\/ul>\n\n\n\n<h2 class=\"wp-block-heading has-medium-font-size\">Audit <\/h2>\n\n\n\n<p>Nous pouvons \u00e9valuer l\u2019efficience et le climat de votre environnement de travail afin de vous proposer une prestation au plus proche de vos besoins.<\/p>\n\n\n\n<h2 class=\"wp-block-heading has-medium-font-size\">Propositions de sujets de formation et d\u2019accompagnement <\/h2>\n\n\n\n<ul class=\"wp-block-list\">\n<li><a href=\"https:\/\/www.oposytif-formations.fr\/index.php\/2024\/09\/22\/lintelligence-emotionnelle\/\">L\u2019intelligence \u00e9motionnelle<\/a><\/li>\n\n\n\n<li><a href=\"https:\/\/www.oposytif-formations.fr\/index.php\/2024\/09\/22\/lintelligence-collective\/\">L\u2019intelligence collective<\/a><\/li>\n\n\n\n<li><a href=\"https:\/\/www.oposytif-formations.fr\/index.php\/2025\/01\/26\/la-communication-assertive\/\">La communication assertive<\/a><\/li>\n\n\n\n<li>La culture d&rsquo;entreprise<\/li>\n\n\n\n<li>Le team building \/ La coh\u00e9sion d\u2019\u00e9quipe<\/li>\n\n\n\n<li><a href=\"https:\/\/www.oposytif-formations.fr\/index.php\/2025\/01\/26\/developper-lengagement-des-collaborateurs\/\">L\u2019engagement des collaborateurs<\/a><\/li>\n\n\n\n<li>La pr\u00e9vention du stress et de l&rsquo;\u00e9puisement professionnel<\/li>\n\n\n\n<li>La prise de parole en public<\/li>\n\n\n\n<li>L\u2019engagement dans une d\u00e9marche QVT (Qualit\u00e9 de Vie au Travail)<\/li>\n<\/ul>\n\n\n\n<h2 class=\"wp-block-heading has-medium-font-size\">Exemple d&rsquo;intervention en entreprise&nbsp;<\/h2>\n\n\n\n<p><strong>Diagnostic<\/strong> :<\/p>\n\n\n\n<p>Lors de notre premi\u00e8re rencontre des besoins se sont exprim\u00e9s : une demande de reconnaissance plus soulign\u00e9e et une aspiration \u00e0 une communication plus fluide et plus limpide entre les diff\u00e9rents \u00e9tages hi\u00e9rarchiques.<\/p>\n\n\n\n<p>Les collaborateurs ont exprim\u00e9 l&rsquo;envie que les managers mettent en place une gestion des \u00e9quipes attentive \u00e0 la coh\u00e9sion et au sens du collectif.<\/p>\n\n\n\n<p>Nous pouvons proposer aux managers une formation qui apporte des outils sur :<\/p>\n\n\n\n<ul class=\"wp-block-list\">\n<li>Savoir \u00e9couter<\/li>\n\n\n\n<li>Savoir communiquer efficacement et avec assertivit\u00e9<\/li>\n\n\n\n<li>Comprendre les leviers de l&rsquo;engagement professionnel<\/li>\n\n\n\n<li>Savoir n\u00e9gocier<\/li>\n<\/ul>\n\n\n\n<p><\/p>\n\n\n\n<p><strong>Objectif de la formation :<\/strong><\/p>\n\n\n\n<p>Favoriser l&rsquo;engagement et la motivation intrins\u00e8que<\/p>\n\n\n\n<p><strong>Contenu :<\/strong><\/p>\n\n\n\n<ul class=\"wp-block-list\">\n<li>Clarification des valeurs<\/li>\n\n\n\n<li>Identifier sa place au sein du groupe<\/li>\n\n\n\n<li>Communiquer dans le respect et l\u2019\u00e9coute de chacun<\/li>\n\n\n\n<li>Prendre en compte l\u2019intelligence collective dans le fonctionnement du groupe<\/li>\n<\/ul>\n\n\n\n<p><strong>Proposition :<\/strong><\/p>\n\n\n\n<p>Modules de 2 ou 3 heures par service et\/ou avec le groupe de managers<\/p>\n","protected":false},"excerpt":{"rendered":"<p>Optimisez&nbsp;les potentiels ! Prestations de qualit\u00e9 : Audit Nous pouvons \u00e9valuer l\u2019efficience et le climat de votre environnement de travail afin de vous proposer une prestation au plus proche de vos besoins. Propositions de sujets de formation et d\u2019accompagnement Exemple d&rsquo;intervention en entreprise&nbsp; Diagnostic : Lors de notre premi\u00e8re rencontre des besoins se sont exprim\u00e9s : une demande de reconnaissance plus soulign\u00e9e et une aspiration \u00e0 une communication plus fluide et plus limpide entre les diff\u00e9rents \u00e9tages hi\u00e9rarchiques. Les collaborateurs ont exprim\u00e9 l&rsquo;envie que les managers mettent en place une gestion des \u00e9quipes attentive \u00e0 la coh\u00e9sion et au sens du collectif. Nous pouvons proposer aux managers une formation qui apporte des outils sur : Objectif de la formation : Favoriser l&rsquo;engagement et la motivation intrins\u00e8que Contenu : Proposition : Modules de 2 ou 3 heures par service et\/ou avec le groupe de managers<\/p>\n","protected":false},"author":1,"featured_media":0,"parent":0,"menu_order":0,"comment_status":"closed","ping_status":"closed","template":"","meta":{"footnotes":""},"class_list":["post-307","page","type-page","status-publish","hentry"],"_links":{"self":[{"href":"https:\/\/www.oposytif-formations.fr\/index.php\/wp-json\/wp\/v2\/pages\/307","targetHints":{"allow":["GET"]}}],"collection":[{"href":"https:\/\/www.oposytif-formations.fr\/index.php\/wp-json\/wp\/v2\/pages"}],"about":[{"href":"https:\/\/www.oposytif-formations.fr\/index.php\/wp-json\/wp\/v2\/types\/page"}],"author":[{"embeddable":true,"href":"https:\/\/www.oposytif-formations.fr\/index.php\/wp-json\/wp\/v2\/users\/1"}],"replies":[{"embeddable":true,"href":"https:\/\/www.oposytif-formations.fr\/index.php\/wp-json\/wp\/v2\/comments?post=307"}],"version-history":[{"count":10,"href":"https:\/\/www.oposytif-formations.fr\/index.php\/wp-json\/wp\/v2\/pages\/307\/revisions"}],"predecessor-version":[{"id":632,"href":"https:\/\/www.oposytif-formations.fr\/index.php\/wp-json\/wp\/v2\/pages\/307\/revisions\/632"}],"wp:attachment":[{"href":"https:\/\/www.oposytif-formations.fr\/index.php\/wp-json\/wp\/v2\/media?parent=307"}],"curies":[{"name":"wp","href":"https:\/\/api.w.org\/{rel}","templated":true}]}}