{"id":320,"date":"2024-02-18T14:50:17","date_gmt":"2024-02-18T13:50:17","guid":{"rendered":"https:\/\/www.oposytif-formations.fr\/?page_id=320"},"modified":"2024-02-19T22:18:54","modified_gmt":"2024-02-19T21:18:54","slug":"mediation","status":"publish","type":"page","link":"https:\/\/www.oposytif-formations.fr\/index.php\/mediation\/","title":{"rendered":"M\u00e9diation"},"content":{"rendered":"\n<p>Tout conflit entre collaborateurs impacte le climat de travail et engendre une perte de r\u00e9sultat car il est source de d\u00e9motivation et d&rsquo;une moindre implication des salari\u00e9s concern\u00e9s. <\/p>\n\n\n\n<p>Nous proposons une m\u00e9diation bas\u00e9e sur l&rsquo;expression des ressentis, l&rsquo;acceptation des diff\u00e9rences et la formulation de demandes claires. Une m\u00e9thode \u00e9prouv\u00e9e, qui permet de r\u00e9instaurer de la s\u00e9r\u00e9nit\u00e9 au travail.<\/p>\n\n\n\n<p>Anim\u00e9s par le plaisir de transmettre, nous proposons \u00e9galement une formation \u00e0 la m\u00e9diation.<\/p>\n","protected":false},"excerpt":{"rendered":"<p>Tout conflit entre collaborateurs impacte le climat de travail et engendre une perte de r\u00e9sultat car il est source de d\u00e9motivation et d&rsquo;une moindre implication des salari\u00e9s concern\u00e9s. Nous proposons une m\u00e9diation bas\u00e9e sur l&rsquo;expression des ressentis, l&rsquo;acceptation des diff\u00e9rences et la formulation de demandes claires. Une m\u00e9thode \u00e9prouv\u00e9e, qui permet de r\u00e9instaurer de la s\u00e9r\u00e9nit\u00e9 au travail. Anim\u00e9s par le plaisir de transmettre, nous proposons \u00e9galement une formation \u00e0 la m\u00e9diation.<\/p>\n","protected":false},"author":1,"featured_media":0,"parent":0,"menu_order":0,"comment_status":"closed","ping_status":"closed","template":"","meta":{"footnotes":""},"class_list":["post-320","page","type-page","status-publish","hentry"],"_links":{"self":[{"href":"https:\/\/www.oposytif-formations.fr\/index.php\/wp-json\/wp\/v2\/pages\/320","targetHints":{"allow":["GET"]}}],"collection":[{"href":"https:\/\/www.oposytif-formations.fr\/index.php\/wp-json\/wp\/v2\/pages"}],"about":[{"href":"https:\/\/www.oposytif-formations.fr\/index.php\/wp-json\/wp\/v2\/types\/page"}],"author":[{"embeddable":true,"href":"https:\/\/www.oposytif-formations.fr\/index.php\/wp-json\/wp\/v2\/users\/1"}],"replies":[{"embeddable":true,"href":"https:\/\/www.oposytif-formations.fr\/index.php\/wp-json\/wp\/v2\/comments?post=320"}],"version-history":[{"count":3,"href":"https:\/\/www.oposytif-formations.fr\/index.php\/wp-json\/wp\/v2\/pages\/320\/revisions"}],"predecessor-version":[{"id":425,"href":"https:\/\/www.oposytif-formations.fr\/index.php\/wp-json\/wp\/v2\/pages\/320\/revisions\/425"}],"wp:attachment":[{"href":"https:\/\/www.oposytif-formations.fr\/index.php\/wp-json\/wp\/v2\/media?parent=320"}],"curies":[{"name":"wp","href":"https:\/\/api.w.org\/{rel}","templated":true}]}}