{"id":488,"date":"2024-03-07T23:22:33","date_gmt":"2024-03-07T22:22:33","guid":{"rendered":"https:\/\/www.oposytif-formations.fr\/?page_id=488"},"modified":"2025-01-26T17:47:31","modified_gmt":"2025-01-26T16:47:31","slug":"accueil","status":"publish","type":"page","link":"https:\/\/www.oposytif-formations.fr\/","title":{"rendered":"Accueil"},"content":{"rendered":"\n<h2 class=\"wp-block-heading\">Gr\u00e2ce \u00e0 nos formations sur mesure,<\/h2>\n\n\n\n<p><strong>Apprenez \u00e0 optimiser vos potentiels :<\/strong><br>\u00e0 faire r\u00e9-\u00e9merger vos talents, et \u00e0 re-d\u00e9couvrir vos valeurs, ce qui vous anime et vous donne envie.<\/p>\n\n\n\n<p><br><strong>Favorisez les synergies entre vos collaborateurs :<\/strong><br>d\u00e9veloppez l&rsquo;intelligence \u00e9motionnelle et collective pour am\u00e9liorer le climat, l&rsquo;adh\u00e9sion et les performances.<\/p>\n\n\n\n<p>Dans notre parcours, nous nous sommes toujours attach\u00e9s \u00e0 <strong>porter un regard positif<\/strong> et \u00e0 <strong>rep\u00e9rer les potentiels de chacun<\/strong>. Amen\u00e9s \u00e0 diriger des \u00e9quipes et confront\u00e9s \u00e0 des publics divers, nous avons mis en place des strat\u00e9gies de gestion des conflits et d&rsquo;optimisation des comp\u00e9tences bas\u00e9es sur une approche attentive aux personnes.<\/p>\n\n\n\n<p>Bin\u00f4me de formateurs compl\u00e9mentaires, nous proposons des modules qui donnent la parole, questionnent le paysage \u00e9motionnel, n&rsquo;oublient pas le corps&nbsp; et interrogent l&rsquo;intelligence collective.<\/p>\n\n\n\n<p>Chaque module est adapt\u00e9 aux attentes sp\u00e9cifiques de l&rsquo;entreprise et aux besoins des collaborateurs. Si n\u00e9cessaire, nous nous d\u00e9pla\u00e7ons pour r\u00e9aliser un audit.<\/p>\n\n\n\n<p>Quelques propositions de formations :<\/p>\n\n\n\n<ul class=\"wp-block-list\">\n<li>Manager avec l&rsquo;intelligence \u00e9motionnelle<\/li>\n\n\n\n<li>Comprendre et g\u00e9rer le stress pour pr\u00e9venir l&rsquo;\u00e9puisement professionnel<\/li>\n\n\n\n<li>Apporter coh\u00e9sion et sens au travail pour fid\u00e9liser les \u00e9quipes<\/li>\n\n\n\n<li>Le manager, acteur de la qualit\u00e9 de vie au travail<\/li>\n\n\n\n<li>Acqu\u00e9rir des outils concrets pour se sentir bien au travail<\/li>\n\n\n\n<li>D\u00e9velopper une communication assertive et efficace<\/li>\n\n\n\n<li>G\u00e9rer les situations conflictuelles<\/li>\n\n\n\n<li>Donner du sens au collectif<\/li>\n<\/ul>\n\n\n\n<p><strong>Notre ambition ? Que joie et travail ne soient pas antinomiques.<\/strong><\/p>\n\n\n\n<p>Au plaisir de faire votre connaissance.<\/p>\n\n\n\n<p>Nathalie et Thierry<\/p>\n\n\n\n<p><\/p>\n","protected":false},"excerpt":{"rendered":"<p>Gr\u00e2ce \u00e0 nos formations sur mesure, Apprenez \u00e0 optimiser vos potentiels :\u00e0 faire r\u00e9-\u00e9merger vos talents, et \u00e0 re-d\u00e9couvrir vos valeurs, ce qui vous anime et vous donne envie. Favorisez les synergies entre vos collaborateurs :d\u00e9veloppez l&rsquo;intelligence \u00e9motionnelle et collective pour am\u00e9liorer le climat, l&rsquo;adh\u00e9sion et les performances. Dans notre parcours, nous nous sommes toujours attach\u00e9s \u00e0 porter un regard positif et \u00e0 rep\u00e9rer les potentiels de chacun. Amen\u00e9s \u00e0 diriger des \u00e9quipes et confront\u00e9s \u00e0 des publics divers, nous avons mis en place des strat\u00e9gies de gestion des conflits et d&rsquo;optimisation des comp\u00e9tences bas\u00e9es sur une approche attentive aux personnes. Bin\u00f4me de formateurs compl\u00e9mentaires, nous proposons des modules qui donnent la parole, questionnent le paysage \u00e9motionnel, n&rsquo;oublient pas le corps&nbsp; et interrogent l&rsquo;intelligence collective. Chaque module est adapt\u00e9 aux attentes sp\u00e9cifiques de l&rsquo;entreprise et aux besoins des collaborateurs. Si n\u00e9cessaire, nous nous d\u00e9pla\u00e7ons pour r\u00e9aliser un audit. Quelques propositions de formations : Notre ambition ? Que joie et travail ne soient pas antinomiques. Au plaisir de faire votre connaissance. Nathalie et Thierry<\/p>\n","protected":false},"author":1,"featured_media":0,"parent":0,"menu_order":0,"comment_status":"closed","ping_status":"closed","template":"","meta":{"footnotes":""},"class_list":["post-488","page","type-page","status-publish","hentry"],"_links":{"self":[{"href":"https:\/\/www.oposytif-formations.fr\/index.php\/wp-json\/wp\/v2\/pages\/488","targetHints":{"allow":["GET"]}}],"collection":[{"href":"https:\/\/www.oposytif-formations.fr\/index.php\/wp-json\/wp\/v2\/pages"}],"about":[{"href":"https:\/\/www.oposytif-formations.fr\/index.php\/wp-json\/wp\/v2\/types\/page"}],"author":[{"embeddable":true,"href":"https:\/\/www.oposytif-formations.fr\/index.php\/wp-json\/wp\/v2\/users\/1"}],"replies":[{"embeddable":true,"href":"https:\/\/www.oposytif-formations.fr\/index.php\/wp-json\/wp\/v2\/comments?post=488"}],"version-history":[{"count":20,"href":"https:\/\/www.oposytif-formations.fr\/index.php\/wp-json\/wp\/v2\/pages\/488\/revisions"}],"predecessor-version":[{"id":624,"href":"https:\/\/www.oposytif-formations.fr\/index.php\/wp-json\/wp\/v2\/pages\/488\/revisions\/624"}],"wp:attachment":[{"href":"https:\/\/www.oposytif-formations.fr\/index.php\/wp-json\/wp\/v2\/media?parent=488"}],"curies":[{"name":"wp","href":"https:\/\/api.w.org\/{rel}","templated":true}]}}