{"id":506,"date":"2024-03-27T21:49:36","date_gmt":"2024-03-27T20:49:36","guid":{"rendered":"https:\/\/www.oposytif-formations.fr\/?page_id=506"},"modified":"2024-04-01T16:50:56","modified_gmt":"2024-04-01T14:50:56","slug":"temoignages","status":"publish","type":"page","link":"https:\/\/www.oposytif-formations.fr\/index.php\/temoignages\/","title":{"rendered":"T\u00e9moignages"},"content":{"rendered":"\n<p class=\"has-text-color has-link-color wp-elements-e6461843e25236ec71d7fa60d61d1001\" style=\"color:#261d66\"><\/p>\n\n\n\n<blockquote class=\"wp-block-quote is-layout-flow wp-block-quote-is-layout-flow\">\n<p><\/p>\n<cite>\u00ab\u00a0La mission \u00e9tait claire\u00a0: faire r\u00e9fl\u00e9chir les collaborateurs sur l\u2019intelligence collective. A partir d\u2019ateliers, de mises en situations et d\u2019incitations, O-Posytif a parfaitement atteint les objectifs fix\u00e9s. Grande \u00e9coute, r\u00e9activit\u00e9 exemplaire, adaptation constante \u00e0 nos besoins \u2013 et avec nous c\u2019est n\u00e9cessaire\u00a0! \u00a0&#8211; compl\u00e8tent les comp\u00e9tences, l\u2019approche et la m\u00e9thode dont vous avez fait preuve.<br>Nous sommes tr\u00e8s satisfaits de notre collaboration et nous vous recommandons vivement \u00e0 nos partenaires.\u00a0\u00bb<\/cite><\/blockquote>\n\n\n\n<p class=\"has-text-align-right\">Fr\u00e9d\u00e9ric DELALE &#8211; Directeur Syst d&rsquo;Informations &#8211; Showroomprive.com<\/p>\n\n\n\n<blockquote class=\"wp-block-quote is-layout-flow wp-block-quote-is-layout-flow\">\n<p><\/p>\n<cite>\u00ab\u00a0La mise en place est percutante. Nous sommes tout de suite en immersion.<br>Il y a beaucoup de pratique, ce qui rend la formation vivante et dynamique.<br>Les supports sont tr\u00e8s clairs et adapt\u00e9s.<br>Le partage des exp\u00e9riences entre les apprenants et avec les formateurs est tr\u00e8s enrichissant.<br>L&rsquo;ambiance est bonne et les interactions sont positives.\u00a0<br>La journ\u00e9e de \u00ab\u00a0retour\u00a0\u00bb est aussi importante. Elle permet de d\u00e9couvrir d&rsquo;autres ateliers et d&rsquo;\u00e9changer sur nos pratiques.\u00a0<br>Les outils, les ateliers sont efficaces et tr\u00e8s facilement exploitables au quotidien.\u00a0<br>Merci \u00e0 vous !\u00a0\u00bb<\/cite><\/blockquote>\n\n\n\n<p class=\"has-text-align-right\">St\u00e9phanie et No\u00e9mie, secr\u00e9taire et CPE au coll\u00e8ge B\u00e9atrix de G\u00e2vre \u00e0 Monts\u00fbrs<\/p>\n\n\n\n<blockquote class=\"wp-block-quote is-layout-flow wp-block-quote-is-layout-flow\">\n<p><\/p>\n<cite>\u00ab\u00a0Bonjour Nathalie, bonjour Thierry,<br>Votre formation a fait beaucoup de bien \u00e0 l&rsquo;\u00e9quipe vie scolaire, \u00e0 Eug\u00e9nie, St\u00e9phanie (la secr\u00e9taire de direction, membre pHare et atelier bien-\u00eatre)\u00a0et moi, m\u00eame pour les relations entre adultes.<br>Je me suis servie des messages clairs en conseil p\u00e9dagogique. \u00c7a a fait un bien fou. <br>Les m\u00e9diations entre pairs vont \u00eatre mises en place avec 2 adultes formateurs.<br>Cette semaine, les \u00e9l\u00e8ves b\u00e9n\u00e9ficieront de 15h d&rsquo;ateliers bien-\u00eatre par No\u00e9mie et St\u00e9phanie. Elles sont au point avec les activit\u00e9 transmises.<br>Votre projet est passionnant et tellement coh\u00e9rent avec les besoins actuels.\u00a0\u00bb<\/cite><\/blockquote>\n\n\n\n<p class=\"has-text-align-right\">Patricia, Principale de coll\u00e8ge<\/p>\n","protected":false},"excerpt":{"rendered":"<p>\u00ab\u00a0La mission \u00e9tait claire\u00a0: faire r\u00e9fl\u00e9chir les collaborateurs sur l\u2019intelligence collective. A partir d\u2019ateliers, de mises en situations et d\u2019incitations, O-Posytif a parfaitement atteint les objectifs fix\u00e9s. Grande \u00e9coute, r\u00e9activit\u00e9 exemplaire, adaptation constante \u00e0 nos besoins \u2013 et avec nous c\u2019est n\u00e9cessaire\u00a0! \u00a0&#8211; compl\u00e8tent les comp\u00e9tences, l\u2019approche et la m\u00e9thode dont vous avez fait preuve.Nous sommes tr\u00e8s satisfaits de notre collaboration et nous vous recommandons vivement \u00e0 nos partenaires.\u00a0\u00bb Fr\u00e9d\u00e9ric DELALE &#8211; Directeur Syst d&rsquo;Informations &#8211; Showroomprive.com \u00ab\u00a0La mise en place est percutante. Nous sommes tout de suite en immersion.Il y a beaucoup de pratique, ce qui rend la formation vivante et dynamique.Les supports sont tr\u00e8s clairs et adapt\u00e9s.Le partage des exp\u00e9riences entre les apprenants et avec les formateurs est tr\u00e8s enrichissant.L&rsquo;ambiance est bonne et les interactions sont positives.\u00a0La journ\u00e9e de \u00ab\u00a0retour\u00a0\u00bb est aussi importante. Elle permet de d\u00e9couvrir d&rsquo;autres ateliers et d&rsquo;\u00e9changer sur nos pratiques.\u00a0Les outils, les ateliers sont efficaces et tr\u00e8s facilement exploitables au quotidien.\u00a0Merci \u00e0 vous !\u00a0\u00bb St\u00e9phanie et No\u00e9mie, secr\u00e9taire et CPE au coll\u00e8ge B\u00e9atrix de G\u00e2vre \u00e0 Monts\u00fbrs \u00ab\u00a0Bonjour Nathalie, bonjour Thierry,Votre formation a fait beaucoup de bien \u00e0 l&rsquo;\u00e9quipe vie scolaire, \u00e0 Eug\u00e9nie, St\u00e9phanie (la secr\u00e9taire de direction, membre pHare et atelier bien-\u00eatre)\u00a0et moi, m\u00eame pour les relations entre adultes.Je me suis servie des messages clairs en conseil p\u00e9dagogique. \u00c7a a fait un bien fou. Les m\u00e9diations entre pairs vont \u00eatre mises en place avec 2 adultes formateurs.Cette semaine, les \u00e9l\u00e8ves b\u00e9n\u00e9ficieront de 15h d&rsquo;ateliers bien-\u00eatre par No\u00e9mie et St\u00e9phanie. Elles sont au point avec les activit\u00e9 transmises.Votre projet est passionnant et tellement coh\u00e9rent avec les besoins actuels.\u00a0\u00bb Patricia, Principale de coll\u00e8ge<\/p>\n","protected":false},"author":1,"featured_media":0,"parent":0,"menu_order":0,"comment_status":"closed","ping_status":"closed","template":"","meta":{"footnotes":""},"class_list":["post-506","page","type-page","status-publish","hentry"],"_links":{"self":[{"href":"https:\/\/www.oposytif-formations.fr\/index.php\/wp-json\/wp\/v2\/pages\/506","targetHints":{"allow":["GET"]}}],"collection":[{"href":"https:\/\/www.oposytif-formations.fr\/index.php\/wp-json\/wp\/v2\/pages"}],"about":[{"href":"https:\/\/www.oposytif-formations.fr\/index.php\/wp-json\/wp\/v2\/types\/page"}],"author":[{"embeddable":true,"href":"https:\/\/www.oposytif-formations.fr\/index.php\/wp-json\/wp\/v2\/users\/1"}],"replies":[{"embeddable":true,"href":"https:\/\/www.oposytif-formations.fr\/index.php\/wp-json\/wp\/v2\/comments?post=506"}],"version-history":[{"count":9,"href":"https:\/\/www.oposytif-formations.fr\/index.php\/wp-json\/wp\/v2\/pages\/506\/revisions"}],"predecessor-version":[{"id":522,"href":"https:\/\/www.oposytif-formations.fr\/index.php\/wp-json\/wp\/v2\/pages\/506\/revisions\/522"}],"wp:attachment":[{"href":"https:\/\/www.oposytif-formations.fr\/index.php\/wp-json\/wp\/v2\/media?parent=506"}],"curies":[{"name":"wp","href":"https:\/\/api.w.org\/{rel}","templated":true}]}}