{"id":538,"date":"2024-09-01T14:46:42","date_gmt":"2024-09-01T12:46:42","guid":{"rendered":"https:\/\/www.oposytif-formations.fr\/?page_id=538"},"modified":"2024-09-01T14:46:42","modified_gmt":"2024-09-01T12:46:42","slug":"voyou","status":"publish","type":"page","link":"https:\/\/www.oposytif-formations.fr\/index.php\/voyou\/","title":{"rendered":"Voyou"},"content":{"rendered":"\n<p><strong>Exp\u00e9rience<\/strong><\/p>\n\n\n\n<ul class=\"wp-block-list\">\n<li>Encore en formation par apprentissage<\/li>\n\n\n\n<li>Adepte du jeu \u00ab\u00a0Lancez ma pomme de pain\u00a0\u00bb<\/li>\n\n\n\n<li>Comp\u00e9tences en d\u00e9m\u00e9nagement : coussins, torchons&#8230;<\/li>\n<\/ul>\n\n\n\n<p><strong>Leitmotiv<\/strong><\/p>\n\n\n\n<ul class=\"wp-block-list\">\n<li>R\u00e9clamer un c\u00e2lin chaque matin \u00e0 mes ma\u00eetres<\/li>\n\n\n\n<li>Raconter \u00e0 Frisbee tous les moments que j&rsquo;ai v\u00e9cus sans lui<\/li>\n\n\n\n<li>Savourer l\u2019instant pr\u00e9sent<\/li>\n<\/ul>\n\n\n\n<figure class=\"wp-block-image size-full\"><img loading=\"lazy\" decoding=\"async\" width=\"578\" height=\"967\" src=\"https:\/\/www.oposytif-formations.fr\/wp-content\/uploads\/2024\/09\/IMG_20240901_144033-1.jpg\" alt=\"\" class=\"wp-image-539\" srcset=\"https:\/\/www.oposytif-formations.fr\/wp-content\/uploads\/2024\/09\/IMG_20240901_144033-1.jpg 578w, https:\/\/www.oposytif-formations.fr\/wp-content\/uploads\/2024\/09\/IMG_20240901_144033-1-179x300.jpg 179w\" sizes=\"auto, (max-width: 578px) 100vw, 578px\" \/><figcaption class=\"wp-element-caption\">qrf<\/figcaption><\/figure>\n","protected":false},"excerpt":{"rendered":"<p>Exp\u00e9rience Leitmotiv<\/p>\n","protected":false},"author":1,"featured_media":0,"parent":0,"menu_order":0,"comment_status":"closed","ping_status":"closed","template":"","meta":{"footnotes":""},"class_list":["post-538","page","type-page","status-publish","hentry"],"_links":{"self":[{"href":"https:\/\/www.oposytif-formations.fr\/index.php\/wp-json\/wp\/v2\/pages\/538","targetHints":{"allow":["GET"]}}],"collection":[{"href":"https:\/\/www.oposytif-formations.fr\/index.php\/wp-json\/wp\/v2\/pages"}],"about":[{"href":"https:\/\/www.oposytif-formations.fr\/index.php\/wp-json\/wp\/v2\/types\/page"}],"author":[{"embeddable":true,"href":"https:\/\/www.oposytif-formations.fr\/index.php\/wp-json\/wp\/v2\/users\/1"}],"replies":[{"embeddable":true,"href":"https:\/\/www.oposytif-formations.fr\/index.php\/wp-json\/wp\/v2\/comments?post=538"}],"version-history":[{"count":1,"href":"https:\/\/www.oposytif-formations.fr\/index.php\/wp-json\/wp\/v2\/pages\/538\/revisions"}],"predecessor-version":[{"id":540,"href":"https:\/\/www.oposytif-formations.fr\/index.php\/wp-json\/wp\/v2\/pages\/538\/revisions\/540"}],"wp:attachment":[{"href":"https:\/\/www.oposytif-formations.fr\/index.php\/wp-json\/wp\/v2\/media?parent=538"}],"curies":[{"name":"wp","href":"https:\/\/api.w.org\/{rel}","templated":true}]}}